{"id":112,"date":"2023-07-14T12:54:05","date_gmt":"2023-07-14T16:54:05","guid":{"rendered":"http:\/\/idon"},"modified":"2023-12-06T17:27:23","modified_gmt":"2023-12-06T22:27:23","slug":"cbd-sleep-tincture-3000mg-berry","status":"publish","type":"product","link":"https:\/\/shopwellnessmexico.com\/es\/producto\/cbd-sleep-tincture-3000mg-berry\/","title":{"rendered":"Tintura para dormir de CBD de 3000 mg"},"content":{"rendered":"<p>Tintura para dormir de marca privada con 3000 mg de espectro completo de CBD y 30 g de melatonina, base de MCT, sabor a bayas, frasco de vidrio azul de 30 ml con tap\u00f3n gotero graduado negro a prueba de ni\u00f1os.<\/p>\n\n\n\n<hr class=\"wp-block-separator has-text-color has-cyan-bluish-gray-color has-alpha-channel-opacity has-cyan-bluish-gray-background-color has-background is-style-default\" \/>\n\n\n\n<figure class=\"wp-block-table is-style-stripes\" style=\"font-size:16px\"><table class=\"has-black-color has-text-color\"><tbody><tr><td>Declaraci\u00f3n de Ingredientes:<\/td><td>ACEITE MCT, SABOR NATURAL DE BAYAS ORG\u00c1NICAS (ACEITE DE GIRASOL ORG\u00c1NICO, VAINILLA ORG\u00c1NICA, SABORES ORG\u00c1NICOS), EXTRACTO DE C\u00c1\u00d1AMO<\/td><\/tr><tr><td>Principios Activos:<\/td><td>3000 mg de CBD y 30 mg de melatonina<\/td><\/tr><\/tbody><\/table><\/figure>","protected":false},"excerpt":{"rendered":"<p>Tintura para dormir de marca privada con 3000 mg de espectro completo de CBD y 30 g de melatonina, base de MCT, sabor a bayas, frasco de vidrio azul de 30 ml con tap\u00f3n gotero graduado negro a prueba de ni\u00f1os.<\/p>","protected":false},"featured_media":362,"comment_status":"open","ping_status":"closed","template":"","meta":[],"product_brand":[],"product_cat":[29],"product_tag":[],"class_list":{"0":"post-112","1":"product","2":"type-product","3":"status-publish","4":"has-post-thumbnail","6":"product_cat-tincture","7":"product_shipping_class-flat-rate","9":"first","10":"instock","11":"taxable","12":"shipping-taxable","13":"purchasable","14":"product-type-simple"},"jetpack_sharing_enabled":true,"_links":{"self":[{"href":"https:\/\/shopwellnessmexico.com\/es\/wp-json\/wp\/v2\/product\/112","targetHints":{"allow":["GET"]}}],"collection":[{"href":"https:\/\/shopwellnessmexico.com\/es\/wp-json\/wp\/v2\/product"}],"about":[{"href":"https:\/\/shopwellnessmexico.com\/es\/wp-json\/wp\/v2\/types\/product"}],"replies":[{"embeddable":true,"href":"https:\/\/shopwellnessmexico.com\/es\/wp-json\/wp\/v2\/comments?post=112"}],"wp:featuredmedia":[{"embeddable":true,"href":"https:\/\/shopwellnessmexico.com\/es\/wp-json\/wp\/v2\/media\/362"}],"wp:attachment":[{"href":"https:\/\/shopwellnessmexico.com\/es\/wp-json\/wp\/v2\/media?parent=112"}],"wp:term":[{"taxonomy":"product_brand","embeddable":true,"href":"https:\/\/shopwellnessmexico.com\/es\/wp-json\/wp\/v2\/product_brand?post=112"},{"taxonomy":"product_cat","embeddable":true,"href":"https:\/\/shopwellnessmexico.com\/es\/wp-json\/wp\/v2\/product_cat?post=112"},{"taxonomy":"product_tag","embeddable":true,"href":"https:\/\/shopwellnessmexico.com\/es\/wp-json\/wp\/v2\/product_tag?post=112"}],"curies":[{"name":"wp","href":"https:\/\/api.w.org\/{rel}","templated":true}]}}