{"id":111,"date":"2023-07-14T12:54:05","date_gmt":"2023-07-14T16:54:05","guid":{"rendered":"http:\/\/idon"},"modified":"2023-12-06T17:27:23","modified_gmt":"2023-12-06T22:27:23","slug":"800mg-cbd-muscle-balm","status":"publish","type":"product","link":"https:\/\/shopwellnessmexico.com\/es\/producto\/800mg-cbd-muscle-balm\/","title":{"rendered":"B\u00e1lsamo Muscular CBD 800mg"},"content":{"rendered":"<p>Muscle Balm Stick con 800 mg de CBD y mentol es una soluci\u00f3n perfecta para aquellos que experimentan dolores musculares y molestias.<\/p>\n\n\n\n<figure class=\"wp-block-table is-style-stripes\" style=\"font-size:16px\"><table><tbody><tr><td>Declaraci\u00f3n de Ingredientes:<\/td><td>aceite de semilla de Carthamus tinctorius (c\u00e1rtamo), aceite de coco nucifera (coco), cera alba (cera de abeja), tribehenina, capr\u00edlico\/c\u00e1prico, triglic\u00e9ridos, cera de euphorbia cerifera (candelilla), butyrospermum, mantequilla de parkii (corte), acetato de tocoferilo, Alanto\u00edna, Aloe Barbadensis (Aloe Vera) Polvo de jugo de hoja, Extracto de flor\/hoja\/tallo de Cannabis Sativa (c\u00e1\u00f1amo), Aceite de Mentha Piperita (Menta), Aceite de hoja de Mentha Viridis (Hierbabuena), Aceite de hoja de Eucalyptus Globulus, Hippophae Rhamnoides (Espino cerval de mar) Jugo de fruta, extracto de flor de cal\u00e9ndula officinalis (cal\u00e9ndula), extracto de fruta de vaccinium macrocarpon (ar\u00e1ndano), extracto de flor de jazm\u00edn officinale (jazm\u00edn), extracto de flor de lavandula angustifolia (lavanda), extracto de semilla de avena sativa (avena), hoja de yuca schidigera (yuca)\/ Extracto de ra\u00edz\/tallo<\/td><\/tr><\/tbody><\/table><\/figure>","protected":false},"excerpt":{"rendered":"<p>Muscle Balm Stick con 800 mg de CBD y mentol es una soluci\u00f3n perfecta para aquellos que experimentan dolores musculares y molestias.<\/p>","protected":false},"featured_media":361,"comment_status":"open","ping_status":"closed","template":"","meta":[],"product_brand":[],"product_cat":[27],"product_tag":[],"class_list":{"0":"post-111","1":"product","2":"type-product","3":"status-publish","4":"has-post-thumbnail","6":"product_cat-balms","7":"product_shipping_class-flat-rate","9":"first","10":"instock","11":"featured","12":"taxable","13":"shipping-taxable","14":"purchasable","15":"product-type-simple"},"jetpack_sharing_enabled":true,"_links":{"self":[{"href":"https:\/\/shopwellnessmexico.com\/es\/wp-json\/wp\/v2\/product\/111","targetHints":{"allow":["GET"]}}],"collection":[{"href":"https:\/\/shopwellnessmexico.com\/es\/wp-json\/wp\/v2\/product"}],"about":[{"href":"https:\/\/shopwellnessmexico.com\/es\/wp-json\/wp\/v2\/types\/product"}],"replies":[{"embeddable":true,"href":"https:\/\/shopwellnessmexico.com\/es\/wp-json\/wp\/v2\/comments?post=111"}],"wp:featuredmedia":[{"embeddable":true,"href":"https:\/\/shopwellnessmexico.com\/es\/wp-json\/wp\/v2\/media\/361"}],"wp:attachment":[{"href":"https:\/\/shopwellnessmexico.com\/es\/wp-json\/wp\/v2\/media?parent=111"}],"wp:term":[{"taxonomy":"product_brand","embeddable":true,"href":"https:\/\/shopwellnessmexico.com\/es\/wp-json\/wp\/v2\/product_brand?post=111"},{"taxonomy":"product_cat","embeddable":true,"href":"https:\/\/shopwellnessmexico.com\/es\/wp-json\/wp\/v2\/product_cat?post=111"},{"taxonomy":"product_tag","embeddable":true,"href":"https:\/\/shopwellnessmexico.com\/es\/wp-json\/wp\/v2\/product_tag?post=111"}],"curies":[{"name":"wp","href":"https:\/\/api.w.org\/{rel}","templated":true}]}}