{"id":110,"date":"2023-07-14T12:54:04","date_gmt":"2023-07-14T16:54:04","guid":{"rendered":"http:\/\/idon"},"modified":"2023-12-06T17:27:23","modified_gmt":"2023-12-06T22:27:23","slug":"product-name-13","status":"publish","type":"product","link":"https:\/\/shopwellnessmexico.com\/es\/producto\/product-name-13\/","title":{"rendered":"Tintura de CBD de 5000 mg"},"content":{"rendered":"<p>Tintura de marca privada con 5000 mg de destilado de espectro completo de CBD, base de MCT, sabor a menta, botella de vidrio mate de 30 ml con tap\u00f3n gotero graduado negro a prueba de ni\u00f1os<\/p>\n\n\n\n<figure class=\"wp-block-table is-style-stripes\" style=\"font-size:16px\"><table><tbody><tr><td>Declaraci\u00f3n de Ingredientes:<\/td><td>ACEITE MCT, SABOR NATURAL DE MENTA (ACEITE DE GIRASOL ORG\u00c1NICO, VAINILLA ORG\u00c1NICA, SABORES ORG\u00c1NICOS, \u00c1CIDO C\u00cdTRICO), EXTRACTO DE C\u00c1\u00d1AMO<\/td><\/tr><tr><td>Principios Activos:<\/td><td>5000 mg de CBD<\/td><\/tr><\/tbody><\/table><\/figure>","protected":false},"excerpt":{"rendered":"<p>Tintura de marca privada con 5000 mg de destilado de espectro completo de CBD, base de MCT, sabor a menta, botella de vidrio mate de 30 ml con tap\u00f3n gotero graduado negro a prueba de ni\u00f1os<\/p>","protected":false},"featured_media":363,"comment_status":"open","ping_status":"closed","template":"","meta":[],"product_brand":[],"product_cat":[29],"product_tag":[],"class_list":{"0":"post-110","1":"product","2":"type-product","3":"status-publish","4":"has-post-thumbnail","6":"product_cat-tincture","7":"product_shipping_class-flat-rate","9":"first","10":"instock","11":"featured","12":"taxable","13":"shipping-taxable","14":"purchasable","15":"product-type-simple"},"jetpack_sharing_enabled":true,"_links":{"self":[{"href":"https:\/\/shopwellnessmexico.com\/es\/wp-json\/wp\/v2\/product\/110","targetHints":{"allow":["GET"]}}],"collection":[{"href":"https:\/\/shopwellnessmexico.com\/es\/wp-json\/wp\/v2\/product"}],"about":[{"href":"https:\/\/shopwellnessmexico.com\/es\/wp-json\/wp\/v2\/types\/product"}],"replies":[{"embeddable":true,"href":"https:\/\/shopwellnessmexico.com\/es\/wp-json\/wp\/v2\/comments?post=110"}],"wp:featuredmedia":[{"embeddable":true,"href":"https:\/\/shopwellnessmexico.com\/es\/wp-json\/wp\/v2\/media\/363"}],"wp:attachment":[{"href":"https:\/\/shopwellnessmexico.com\/es\/wp-json\/wp\/v2\/media?parent=110"}],"wp:term":[{"taxonomy":"product_brand","embeddable":true,"href":"https:\/\/shopwellnessmexico.com\/es\/wp-json\/wp\/v2\/product_brand?post=110"},{"taxonomy":"product_cat","embeddable":true,"href":"https:\/\/shopwellnessmexico.com\/es\/wp-json\/wp\/v2\/product_cat?post=110"},{"taxonomy":"product_tag","embeddable":true,"href":"https:\/\/shopwellnessmexico.com\/es\/wp-json\/wp\/v2\/product_tag?post=110"}],"curies":[{"name":"wp","href":"https:\/\/api.w.org\/{rel}","templated":true}]}}