{"id":61,"date":"2023-07-14T12:53:52","date_gmt":"2023-07-14T16:53:52","guid":{"rendered":"https:\/\/ef6dbd0757.nxcli.io\/help-info\/"},"modified":"2023-08-03T11:06:59","modified_gmt":"2023-08-03T15:06:59","slug":"lab-results","status":"publish","type":"page","link":"https:\/\/shopwellnessmexico.com\/es\/lab-results\/","title":{"rendered":"Lab Results"},"content":{"rendered":"<div data-elementor-type=\"wp-page\" data-elementor-id=\"61\" class=\"elementor elementor-61\" data-elementor-post-type=\"page\">\n\t\t\t\t\t\t<section class=\"elementor-section elementor-top-section elementor-element elementor-element-20608665 elementor-section-boxed elementor-section-height-default elementor-section-height-default\" data-id=\"20608665\" data-element_type=\"section\" data-e-type=\"section\" data-settings=\"{&quot;background_background&quot;:&quot;classic&quot;}\">\n\t\t\t\t\t\t<div class=\"elementor-container elementor-column-gap-default\">\n\t\t\t\t\t<div class=\"elementor-column elementor-col-100 elementor-top-column elementor-element elementor-element-4bfd9580\" data-id=\"4bfd9580\" data-element_type=\"column\" data-e-type=\"column\">\n\t\t\t<div class=\"elementor-widget-wrap elementor-element-populated\">\n\t\t\t\t\t\t<div class=\"elementor-element elementor-element-1c2a0f7 elementor-widget elementor-widget-heading\" data-id=\"1c2a0f7\" data-element_type=\"widget\" data-e-type=\"widget\" data-widget_type=\"heading.default\">\n\t\t\t\t<div class=\"elementor-widget-container\">\n\t\t\t\t\t<h2 class=\"elementor-heading-title elementor-size-default\">Entrega de Calidad Constante<\/h2>\t\t\t\t<\/div>\n\t\t\t\t<\/div>\n\t\t\t\t<div class=\"elementor-element elementor-element-797d9b1f elementor-widget elementor-widget-heading\" data-id=\"797d9b1f\" data-element_type=\"widget\" data-e-type=\"widget\" data-widget_type=\"heading.default\">\n\t\t\t\t<div class=\"elementor-widget-container\">\n\t\t\t\t\t<h1 class=\"elementor-heading-title elementor-size-default\">Productos de CBD probados en laboratorio de terceros<\/h1>\t\t\t\t<\/div>\n\t\t\t\t<\/div>\n\t\t\t\t<div class=\"elementor-element elementor-element-e07880a elementor-widget elementor-widget-text-editor\" data-id=\"e07880a\" data-element_type=\"widget\" data-e-type=\"widget\" data-widget_type=\"text-editor.default\">\n\t\t\t\t<div class=\"elementor-widget-container\">\n\t\t\t\t\t\t\t\t\t<p>Las pruebas de laboratorio son una parte esencial para mantener nuestros productos al d\u00eda. Con los resultados de laboratorio, puede obtener m\u00e1s informaci\u00f3n sobre los productos que usa y asegurarse de obtener exactamente lo que necesita.<\/p>\t\t\t\t\t\t\t\t<\/div>\n\t\t\t\t<\/div>\n\t\t\t\t<section class=\"elementor-section elementor-inner-section elementor-element elementor-element-b535d1f elementor-section-boxed elementor-section-height-default elementor-section-height-default\" data-id=\"b535d1f\" data-element_type=\"section\" data-e-type=\"section\">\n\t\t\t\t\t\t<div class=\"elementor-container elementor-column-gap-default\">\n\t\t\t\t\t<div class=\"elementor-column elementor-col-25 elementor-inner-column elementor-element elementor-element-4285335\" data-id=\"4285335\" data-element_type=\"column\" data-e-type=\"column\">\n\t\t\t<div class=\"elementor-widget-wrap elementor-element-populated\">\n\t\t\t\t\t\t<div class=\"elementor-element elementor-element-8fc0839 elementor-widget elementor-widget-image\" data-id=\"8fc0839\" data-element_type=\"widget\" data-e-type=\"widget\" data-widget_type=\"image.default\">\n\t\t\t\t<div class=\"elementor-widget-container\">\n\t\t\t\t\t\t\t\t\t\t\t\t<figure class=\"wp-caption\">\n\t\t\t\t\t\t\t\t\t\t\t<a href=\"https:\/\/shopwellnessmexico.com\/wp-content\/uploads\/2023\/07\/Muscle_Balm_COA.pdf\" target=\"_blank\">\n\t\t\t\t\t\t\t<img fetchpriority=\"high\" decoding=\"async\" width=\"800\" height=\"536\" src=\"https:\/\/shopwellnessmexico.com\/wp-content\/uploads\/2023\/07\/WM-BALM-1-1024x686.jpeg\" class=\"attachment-large size-large wp-image-361\" alt=\"\" srcset=\"https:\/\/shopwellnessmexico.com\/wp-content\/uploads\/2023\/07\/WM-BALM-1-1024x686.jpeg 1024w, https:\/\/shopwellnessmexico.com\/wp-content\/uploads\/2023\/07\/WM-BALM-1-600x402.jpeg 600w, https:\/\/shopwellnessmexico.com\/wp-content\/uploads\/2023\/07\/WM-BALM-1-300x201.jpeg 300w, https:\/\/shopwellnessmexico.com\/wp-content\/uploads\/2023\/07\/WM-BALM-1-768x515.jpeg 768w, https:\/\/shopwellnessmexico.com\/wp-content\/uploads\/2023\/07\/WM-BALM-1.jpeg 1200w\" sizes=\"(max-width: 800px) 100vw, 800px\" \/>\t\t\t\t\t\t\t\t<\/a>\n\t\t\t\t\t\t\t\t\t\t\t<figcaption class=\"widget-image-caption wp-caption-text\">B\u00e1lsamo Muscular CBD 800mg<\/figcaption>\n\t\t\t\t\t\t\t\t\t\t<\/figure>\n\t\t\t\t\t\t\t\t\t<\/div>\n\t\t\t\t<\/div>\n\t\t\t\t\t<\/div>\n\t\t<\/div>\n\t\t\t\t<div class=\"elementor-column elementor-col-25 elementor-inner-column elementor-element elementor-element-9a6f7a2\" data-id=\"9a6f7a2\" data-element_type=\"column\" data-e-type=\"column\">\n\t\t\t<div class=\"elementor-widget-wrap elementor-element-populated\">\n\t\t\t\t\t\t<div class=\"elementor-element elementor-element-9927701 elementor-widget elementor-widget-image\" data-id=\"9927701\" data-element_type=\"widget\" data-e-type=\"widget\" data-widget_type=\"image.default\">\n\t\t\t\t<div class=\"elementor-widget-container\">\n\t\t\t\t\t\t\t\t\t\t\t\t<figure class=\"wp-caption\">\n\t\t\t\t\t\t\t\t\t\t\t<a href=\"https:\/\/shopwellnessmexico.com\/wp-content\/uploads\/2023\/07\/3000mg-Sleep-Tincture-COA.pdf\" target=\"_blank\">\n\t\t\t\t\t\t\t<img decoding=\"async\" width=\"800\" height=\"534\" src=\"https:\/\/shopwellnessmexico.com\/wp-content\/uploads\/2023\/07\/WM-BERRY-1-1024x683.jpeg\" class=\"attachment-large size-large wp-image-362\" alt=\"\" srcset=\"https:\/\/shopwellnessmexico.com\/wp-content\/uploads\/2023\/07\/WM-BERRY-1-1024x683.jpeg 1024w, https:\/\/shopwellnessmexico.com\/wp-content\/uploads\/2023\/07\/WM-BERRY-1-600x400.jpeg 600w, https:\/\/shopwellnessmexico.com\/wp-content\/uploads\/2023\/07\/WM-BERRY-1-300x200.jpeg 300w, https:\/\/shopwellnessmexico.com\/wp-content\/uploads\/2023\/07\/WM-BERRY-1-768x512.jpeg 768w, https:\/\/shopwellnessmexico.com\/wp-content\/uploads\/2023\/07\/WM-BERRY-1.jpeg 1200w\" sizes=\"(max-width: 800px) 100vw, 800px\" \/>\t\t\t\t\t\t\t\t<\/a>\n\t\t\t\t\t\t\t\t\t\t\t<figcaption class=\"widget-image-caption wp-caption-text\">Tintura para dormir de CBD de 3000 mg<\/figcaption>\n\t\t\t\t\t\t\t\t\t\t<\/figure>\n\t\t\t\t\t\t\t\t\t<\/div>\n\t\t\t\t<\/div>\n\t\t\t\t\t<\/div>\n\t\t<\/div>\n\t\t\t\t<div class=\"elementor-column elementor-col-25 elementor-inner-column elementor-element elementor-element-32c4ba2\" data-id=\"32c4ba2\" data-element_type=\"column\" data-e-type=\"column\">\n\t\t\t<div class=\"elementor-widget-wrap elementor-element-populated\">\n\t\t\t\t\t\t<div class=\"elementor-element elementor-element-cf318ae elementor-widget elementor-widget-image\" data-id=\"cf318ae\" data-element_type=\"widget\" data-e-type=\"widget\" data-widget_type=\"image.default\">\n\t\t\t\t<div class=\"elementor-widget-container\">\n\t\t\t\t\t\t\t\t\t\t\t\t<figure class=\"wp-caption\">\n\t\t\t\t\t\t\t\t\t\t\t<a href=\"https:\/\/shopwellnessmexico.com\/wp-content\/uploads\/2023\/07\/3000mg-CBD-Tincture-COA.pdf\" target=\"_blank\">\n\t\t\t\t\t\t\t<img decoding=\"async\" width=\"800\" height=\"534\" src=\"https:\/\/shopwellnessmexico.com\/wp-content\/uploads\/2023\/07\/WM-TROP-1-1024x683.jpeg\" class=\"attachment-large size-large wp-image-364\" alt=\"\" srcset=\"https:\/\/shopwellnessmexico.com\/wp-content\/uploads\/2023\/07\/WM-TROP-1-1024x683.jpeg 1024w, https:\/\/shopwellnessmexico.com\/wp-content\/uploads\/2023\/07\/WM-TROP-1-600x400.jpeg 600w, https:\/\/shopwellnessmexico.com\/wp-content\/uploads\/2023\/07\/WM-TROP-1-300x200.jpeg 300w, https:\/\/shopwellnessmexico.com\/wp-content\/uploads\/2023\/07\/WM-TROP-1-768x512.jpeg 768w, https:\/\/shopwellnessmexico.com\/wp-content\/uploads\/2023\/07\/WM-TROP-1.jpeg 1200w\" sizes=\"(max-width: 800px) 100vw, 800px\" \/>\t\t\t\t\t\t\t\t<\/a>\n\t\t\t\t\t\t\t\t\t\t\t<figcaption class=\"widget-image-caption wp-caption-text\">3000mg CBD &amp; CBG Tincture<\/figcaption>\n\t\t\t\t\t\t\t\t\t\t<\/figure>\n\t\t\t\t\t\t\t\t\t<\/div>\n\t\t\t\t<\/div>\n\t\t\t\t\t<\/div>\n\t\t<\/div>\n\t\t\t\t<div class=\"elementor-column elementor-col-25 elementor-inner-column elementor-element elementor-element-bf6ea22\" data-id=\"bf6ea22\" data-element_type=\"column\" data-e-type=\"column\">\n\t\t\t<div class=\"elementor-widget-wrap elementor-element-populated\">\n\t\t\t\t\t\t<div class=\"elementor-element elementor-element-3f5d427 elementor-widget elementor-widget-image\" data-id=\"3f5d427\" data-element_type=\"widget\" data-e-type=\"widget\" data-widget_type=\"image.default\">\n\t\t\t\t<div class=\"elementor-widget-container\">\n\t\t\t\t\t\t\t\t\t\t\t\t<figure class=\"wp-caption\">\n\t\t\t\t\t\t\t\t\t\t\t<a href=\"https:\/\/shopwellnessmexico.com\/wp-content\/uploads\/2023\/07\/5000mg-CBD-Tincture-COA.pdf\" target=\"_blank\">\n\t\t\t\t\t\t\t<img loading=\"lazy\" decoding=\"async\" width=\"800\" height=\"534\" src=\"https:\/\/shopwellnessmexico.com\/wp-content\/uploads\/2023\/07\/WM-PEP-1-1024x683.jpeg\" class=\"attachment-large size-large wp-image-363\" alt=\"\" srcset=\"https:\/\/shopwellnessmexico.com\/wp-content\/uploads\/2023\/07\/WM-PEP-1-1024x683.jpeg 1024w, https:\/\/shopwellnessmexico.com\/wp-content\/uploads\/2023\/07\/WM-PEP-1-600x400.jpeg 600w, https:\/\/shopwellnessmexico.com\/wp-content\/uploads\/2023\/07\/WM-PEP-1-300x200.jpeg 300w, https:\/\/shopwellnessmexico.com\/wp-content\/uploads\/2023\/07\/WM-PEP-1-768x512.jpeg 768w, https:\/\/shopwellnessmexico.com\/wp-content\/uploads\/2023\/07\/WM-PEP-1.jpeg 1200w\" sizes=\"(max-width: 800px) 100vw, 800px\" \/>\t\t\t\t\t\t\t\t<\/a>\n\t\t\t\t\t\t\t\t\t\t\t<figcaption class=\"widget-image-caption wp-caption-text\">Tintura de CBD de 5000 mg<\/figcaption>\n\t\t\t\t\t\t\t\t\t\t<\/figure>\n\t\t\t\t\t\t\t\t\t<\/div>\n\t\t\t\t<\/div>\n\t\t\t\t\t<\/div>\n\t\t<\/div>\n\t\t\t\t\t<\/div>\n\t\t<\/section>\n\t\t\t\t<div class=\"elementor-element elementor-element-503be05 elementor-align-center elementor-mobile-align-justify elementor-tablet-align-left elementor-widget elementor-widget-button\" data-id=\"503be05\" data-element_type=\"widget\" data-e-type=\"widget\" data-widget_type=\"button.default\">\n\t\t\t\t<div class=\"elementor-widget-container\">\n\t\t\t\t\t\t\t\t\t<div class=\"elementor-button-wrapper\">\n\t\t\t\t\t<a class=\"elementor-button elementor-button-link elementor-size-sm elementor-animation-shrink\" href=\"\/es\/shop\/\">\n\t\t\t\t\t\t<span class=\"elementor-button-content-wrapper\">\n\t\t\t\t\t\t\t\t\t<span class=\"elementor-button-text\">Comprar Ahora<\/span>\n\t\t\t\t\t<\/span>\n\t\t\t\t\t<\/a>\n\t\t\t\t<\/div>\n\t\t\t\t\t\t\t\t<\/div>\n\t\t\t\t<\/div>\n\t\t\t\t\t<\/div>\n\t\t<\/div>\n\t\t\t\t\t<\/div>\n\t\t<\/section>\n\t\t\t\t<\/div>","protected":false},"excerpt":{"rendered":"<p>Delivering Consistent Quality Third-Party Lab Tested CBD Products Lab testing is an essential part of keeping our products up to standard. With lab results, you can learn more about the products you use and ensure you\u2019re getting exactly what you need. 800mg CBD Muscle Balm 3000mg CBD Sleep Tincture 3000mg CBD &amp; CBG Tincture 5000mg [&hellip;]<\/p>\n","protected":false},"author":1,"featured_media":0,"parent":0,"menu_order":0,"comment_status":"closed","ping_status":"closed","template":"elementor_header_footer","meta":{"footnotes":""},"class_list":["post-61","page","type-page","status-publish","hentry"],"jetpack_sharing_enabled":true,"_links":{"self":[{"href":"https:\/\/shopwellnessmexico.com\/es\/wp-json\/wp\/v2\/pages\/61","targetHints":{"allow":["GET"]}}],"collection":[{"href":"https:\/\/shopwellnessmexico.com\/es\/wp-json\/wp\/v2\/pages"}],"about":[{"href":"https:\/\/shopwellnessmexico.com\/es\/wp-json\/wp\/v2\/types\/page"}],"author":[{"embeddable":true,"href":"https:\/\/shopwellnessmexico.com\/es\/wp-json\/wp\/v2\/users\/1"}],"replies":[{"embeddable":true,"href":"https:\/\/shopwellnessmexico.com\/es\/wp-json\/wp\/v2\/comments?post=61"}],"version-history":[{"count":44,"href":"https:\/\/shopwellnessmexico.com\/es\/wp-json\/wp\/v2\/pages\/61\/revisions"}],"predecessor-version":[{"id":514,"href":"https:\/\/shopwellnessmexico.com\/es\/wp-json\/wp\/v2\/pages\/61\/revisions\/514"}],"wp:attachment":[{"href":"https:\/\/shopwellnessmexico.com\/es\/wp-json\/wp\/v2\/media?parent=61"}],"curies":[{"name":"wp","href":"https:\/\/api.w.org\/{rel}","templated":true}]}}