{"id":3,"date":"2023-07-14T16:05:10","date_gmt":"2023-07-14T16:05:10","guid":{"rendered":"https:\/\/ef6dbd0757.nxcli.io\/?page_id=3"},"modified":"2023-08-02T17:59:10","modified_gmt":"2023-08-02T21:59:10","slug":"privacy-policy","status":"publish","type":"page","link":"https:\/\/shopwellnessmexico.com\/es\/privacy-policy\/","title":{"rendered":"Pol\u00edtica de Privacidad"},"content":{"rendered":"<div data-elementor-type=\"wp-page\" data-elementor-id=\"3\" class=\"elementor elementor-3\" data-elementor-post-type=\"page\">\n\t\t\t\t\t\t<section class=\"elementor-section elementor-top-section elementor-element elementor-element-0dfd565 elementor-section-boxed elementor-section-height-default elementor-section-height-default\" data-id=\"0dfd565\" data-element_type=\"section\" data-e-type=\"section\" data-settings=\"{&quot;background_background&quot;:&quot;classic&quot;}\">\n\t\t\t\t\t\t<div class=\"elementor-container elementor-column-gap-default\">\n\t\t\t\t\t<div class=\"elementor-column elementor-col-100 elementor-top-column elementor-element elementor-element-ac9b856\" data-id=\"ac9b856\" data-element_type=\"column\" data-e-type=\"column\">\n\t\t\t<div class=\"elementor-widget-wrap elementor-element-populated\">\n\t\t\t\t\t\t<div class=\"elementor-element elementor-element-be923a3 elementor-widget elementor-widget-spacer\" data-id=\"be923a3\" data-element_type=\"widget\" data-e-type=\"widget\" data-widget_type=\"spacer.default\">\n\t\t\t\t<div class=\"elementor-widget-container\">\n\t\t\t\t\t\t\t<div class=\"elementor-spacer\">\n\t\t\t<div class=\"elementor-spacer-inner\"><\/div>\n\t\t<\/div>\n\t\t\t\t\t\t<\/div>\n\t\t\t\t<\/div>\n\t\t\t\t<div class=\"elementor-element elementor-element-3a07813 elementor-widget elementor-widget-heading\" data-id=\"3a07813\" data-element_type=\"widget\" data-e-type=\"widget\" data-widget_type=\"heading.default\">\n\t\t\t\t<div class=\"elementor-widget-container\">\n\t\t\t\t\t<h1 class=\"elementor-heading-title elementor-size-default\">Pol\u00edtica de Privacidad<\/h1>\t\t\t\t<\/div>\n\t\t\t\t<\/div>\n\t\t\t\t<div class=\"elementor-element elementor-element-7fd4af93 elementor-widget elementor-widget-text-editor\" data-id=\"7fd4af93\" data-element_type=\"widget\" data-e-type=\"widget\" data-widget_type=\"text-editor.default\">\n\t\t\t\t<div class=\"elementor-widget-container\">\n\t\t\t\t\t\t\t\t\t<p><\/p>\n<p>Gracias por usar Mexico Wellness. Valoramos su privacidad y estamos comprometidos a proteger su informaci\u00f3n personal. Esta Pol\u00edtica de privacidad describe c\u00f3mo recopilamos, usamos y compartimos sus datos cuando interact\u00faa con nuestra tienda en l\u00ednea.<\/p>\n<p><\/p>\n<h4 class=\"wp-block-heading\">Informaci\u00f3n que recopilamos:<\/h4>\n<p><\/p>\n<ul>\n<li>Recopilamos diversa informaci\u00f3n personal, como detalles de contacto, informaci\u00f3n de pago, informaci\u00f3n de cuenta, detalles de pedidos y datos de uso.<\/li>\n<\/ul>\n<p><\/p>\n<h4 class=\"wp-block-heading\">C\u00f3mo usamos su informaci\u00f3n:<\/h4>\n<p><\/p>\n<ul>\n<li>Usamos sus datos para proporcionar y mejorar nuestros servicios, comunicarnos con usted, personalizar su experiencia y cumplir con los requisitos legales.<\/li>\n<\/ul>\n<p><\/p>\n<h4 class=\"wp-block-heading\">C\u00f3mo compartimos su informaci\u00f3n:<\/h4>\n<p><\/p>\n<ul>\n<li>Podemos compartir sus datos con proveedores de servicios de confianza, en circunstancias legales o con su consentimiento expl\u00edcito.<\/li>\n<\/ul>\n<p><\/p>\n<h4 class=\"wp-block-heading\">Tus opciones:<\/h4>\n<p><\/p>\n<ul>\n<li>Puede actualizar la informaci\u00f3n de su cuenta y optar por no recibir comunicaciones de marketing.<\/li>\n<\/ul>\n<p><\/p>\n<h4 class=\"wp-block-heading\">Seguridad de datos:<\/h4>\n<p><\/p>\n<ul>\n<li>Empleamos medidas de seguridad razonables, pero no podemos garantizar la seguridad completa de los datos.<\/li>\n<\/ul>\n<p><\/p>\n<h4 class=\"wp-block-heading\">Privacidad de los ni\u00f1os:<\/h4>\n<p><\/p>\n<ul>\n<li>Nuestros servicios no son para ni\u00f1os menores de 18 a\u00f1os. No recopilamos sus datos a sabiendas.<\/li>\n<\/ul>\n<p><\/p>\n<h4 class=\"wp-block-heading\">Cambios a esta Pol\u00edtica:<\/h4>\n<p><\/p>\n<ul>\n<li>Podemos actualizar esta Pol\u00edtica de privacidad; se le comunicar\u00e1n los cambios significativos.<\/li>\n<\/ul>\n<p><\/p>\t\t\t\t\t\t\t\t<\/div>\n\t\t\t\t<\/div>\n\t\t\t\t\t<\/div>\n\t\t<\/div>\n\t\t\t\t\t<\/div>\n\t\t<\/section>\n\t\t\t\t<section class=\"elementor-section elementor-top-section elementor-element elementor-element-e3d9438 elementor-section-boxed elementor-section-height-default elementor-section-height-default\" data-id=\"e3d9438\" data-element_type=\"section\" data-e-type=\"section\" id=\"return\" data-settings=\"{&quot;background_background&quot;:&quot;classic&quot;}\">\n\t\t\t\t\t\t<div class=\"elementor-container elementor-column-gap-default\">\n\t\t\t\t\t<div class=\"elementor-column elementor-col-100 elementor-top-column elementor-element elementor-element-3279953\" data-id=\"3279953\" data-element_type=\"column\" data-e-type=\"column\">\n\t\t\t<div class=\"elementor-widget-wrap elementor-element-populated\">\n\t\t\t\t\t\t<div class=\"elementor-element elementor-element-6934617 elementor-widget elementor-widget-spacer\" data-id=\"6934617\" data-element_type=\"widget\" data-e-type=\"widget\" data-widget_type=\"spacer.default\">\n\t\t\t\t<div class=\"elementor-widget-container\">\n\t\t\t\t\t\t\t<div class=\"elementor-spacer\">\n\t\t\t<div class=\"elementor-spacer-inner\"><\/div>\n\t\t<\/div>\n\t\t\t\t\t\t<\/div>\n\t\t\t\t<\/div>\n\t\t\t\t<div class=\"elementor-element elementor-element-64bc985 elementor-widget elementor-widget-heading\" data-id=\"64bc985\" data-element_type=\"widget\" data-e-type=\"widget\" data-widget_type=\"heading.default\">\n\t\t\t\t<div class=\"elementor-widget-container\">\n\t\t\t\t\t<h1 class=\"elementor-heading-title elementor-size-default\">Pol\u00edtica de Devoluciones<\/h1>\t\t\t\t<\/div>\n\t\t\t\t<\/div>\n\t\t\t\t<div class=\"elementor-element elementor-element-6f5c701 elementor-align-start elementor-widget__width-initial elementor-icon-list--layout-traditional elementor-list-item-link-full_width elementor-widget elementor-widget-icon-list\" data-id=\"6f5c701\" data-element_type=\"widget\" data-e-type=\"widget\" data-widget_type=\"icon-list.default\">\n\t\t\t\t<div class=\"elementor-widget-container\">\n\t\t\t\t\t\t\t<ul class=\"elementor-icon-list-items\">\n\t\t\t\t\t\t\t<li class=\"elementor-icon-list-item\">\n\t\t\t\t\t\t\t\t\t\t\t<span class=\"elementor-icon-list-icon\">\n\t\t\t\t\t\t\t<i aria-hidden=\"true\" class=\"fas fa-stop\"><\/i>\t\t\t\t\t\t<\/span>\n\t\t\t\t\t\t\t\t\t\t<span class=\"elementor-icon-list-text\">Plazo: Los Clientes Tienen 30 d\u00edas a partir de la fecha de compra para iniciar una devoluci\u00f3n.<\/span>\n\t\t\t\t\t\t\t\t\t<\/li>\n\t\t\t\t\t\t\t\t<li class=\"elementor-icon-list-item\">\n\t\t\t\t\t\t\t\t\t\t\t<span class=\"elementor-icon-list-icon\">\n\t\t\t\t\t\t\t<i aria-hidden=\"true\" class=\"fas fa-stop\"><\/i>\t\t\t\t\t\t<\/span>\n\t\t\t\t\t\t\t\t\t\t<span class=\"elementor-icon-list-text\">Condici\u00f3n de los Productos: Para calificar para una devoluci\u00f3n, los productos deben estar sin abrir y en su empaque original. No podemos aceptar devoluciones de art\u00edculos que hayan sido abiertos o usados.<\/span>\n\t\t\t\t\t\t\t\t\t<\/li>\n\t\t\t\t\t\t\t\t<li class=\"elementor-icon-list-item\">\n\t\t\t\t\t\t\t\t\t\t\t<span class=\"elementor-icon-list-icon\">\n\t\t\t\t\t\t\t<i aria-hidden=\"true\" class=\"fas fa-stop\"><\/i>\t\t\t\t\t\t<\/span>\n\t\t\t\t\t\t\t\t\t\t<span class=\"elementor-icon-list-text\">Proceso de Devoluci\u00f3n: Para iniciar una devoluci\u00f3n, cont\u00e1ctenos con la informaci\u00f3n de su pedido en nuestra p\u00e1gina de contacto. Lo guiaremos a trav\u00e9s de los pasos necesarios para completar su devoluci\u00f3n. Tenga en cuenta que los costos de env\u00edo pueden aplicarse y ser\u00e1n responsabilidad del cliente.<\/span>\n\t\t\t\t\t\t\t\t\t<\/li>\n\t\t\t\t\t\t\t\t<li class=\"elementor-icon-list-item\">\n\t\t\t\t\t\t\t\t\t\t\t<span class=\"elementor-icon-list-icon\">\n\t\t\t\t\t\t\t<i aria-hidden=\"true\" class=\"fas fa-stop\"><\/i>\t\t\t\t\t\t<\/span>\n\t\t\t\t\t\t\t\t\t\t<span class=\"elementor-icon-list-text\">Proceso de Reembolso: una vez que recibamos los productos devueltos y verifiquemos que cumplen con los criterios de devoluci\u00f3n, procesaremos el reembolso al m\u00e9todo de pago original utilizado durante la compra. Espere una cantidad de tiempo razonable para que el reembolso se refleje en su cuenta.<\/span>\n\t\t\t\t\t\t\t\t\t<\/li>\n\t\t\t\t\t\t\t\t<li class=\"elementor-icon-list-item\">\n\t\t\t\t\t\t\t\t\t\t\t<span class=\"elementor-icon-list-icon\">\n\t\t\t\t\t\t\t<i aria-hidden=\"true\" class=\"fas fa-stop\"><\/i>\t\t\t\t\t\t<\/span>\n\t\t\t\t\t\t\t\t\t\t<span class=\"elementor-icon-list-text\">Intercambios: En este momento, no ofrecemos intercambios directos de productos. Si desea cambiar un producto, le rogamos que devuelva el art\u00edculo siguiendo nuestro proceso de devoluci\u00f3n y realice un nuevo pedido del art\u00edculo deseado.<\/span>\n\t\t\t\t\t\t\t\t\t<\/li>\n\t\t\t\t\t\t\t\t<li class=\"elementor-icon-list-item\">\n\t\t\t\t\t\t\t\t\t\t\t<span class=\"elementor-icon-list-icon\">\n\t\t\t\t\t\t\t<i aria-hidden=\"true\" class=\"fas fa-stop\"><\/i>\t\t\t\t\t\t<\/span>\n\t\t\t\t\t\t\t\t\t\t<span class=\"elementor-icon-list-text\">Art\u00edculos no Retornables: no podemos aceptar art\u00edculos que hayan sido abiertos, usados \u200b\u200bo manipulados de alguna manera.<\/span>\n\t\t\t\t\t\t\t\t\t<\/li>\n\t\t\t\t\t\t\t\t<li class=\"elementor-icon-list-item\">\n\t\t\t\t\t\t\t\t\t\t\t<span class=\"elementor-icon-list-icon\">\n\t\t\t\t\t\t\t<i aria-hidden=\"true\" class=\"fas fa-stop\"><\/i>\t\t\t\t\t\t<\/span>\n\t\t\t\t\t\t\t\t\t\t<span class=\"elementor-icon-list-text\">Art\u00edculos Da\u00f1ados o Defectuosos: en el raro caso de que reciba un producto da\u00f1ado o defectuoso, cont\u00e1ctenos en nuestra p\u00e1gina de contacto de inmediato. Le ayudaremos a resolver el problema y le proporcionaremos una soluci\u00f3n adecuada.<\/span>\n\t\t\t\t\t\t\t\t\t<\/li>\n\t\t\t\t\t\t<\/ul>\n\t\t\t\t\t\t<\/div>\n\t\t\t\t<\/div>\n\t\t\t\t\t<\/div>\n\t\t<\/div>\n\t\t\t\t\t<\/div>\n\t\t<\/section>\n\t\t\t\t<section class=\"elementor-section elementor-top-section elementor-element elementor-element-66b3480 elementor-section-boxed elementor-section-height-default elementor-section-height-default\" data-id=\"66b3480\" data-element_type=\"section\" data-e-type=\"section\" data-settings=\"{&quot;background_background&quot;:&quot;classic&quot;}\">\n\t\t\t\t\t\t<div class=\"elementor-container elementor-column-gap-default\">\n\t\t\t\t\t<div class=\"elementor-column elementor-col-100 elementor-top-column elementor-element elementor-element-57fb31f\" data-id=\"57fb31f\" data-element_type=\"column\" data-e-type=\"column\">\n\t\t\t<div class=\"elementor-widget-wrap elementor-element-populated\">\n\t\t\t\t\t\t<div class=\"elementor-element elementor-element-7db7953 elementor-widget elementor-widget-heading\" data-id=\"7db7953\" data-element_type=\"widget\" data-e-type=\"widget\" data-widget_type=\"heading.default\">\n\t\t\t\t<div class=\"elementor-widget-container\">\n\t\t\t\t\t<h2 class=\"elementor-heading-title elementor-size-xl\">Politica de envios<\/h2>\t\t\t\t<\/div>\n\t\t\t\t<\/div>\n\t\t\t\t<div class=\"elementor-element elementor-element-80e347f elementor-align-start elementor-widget__width-initial elementor-icon-list--layout-traditional elementor-list-item-link-full_width elementor-widget elementor-widget-icon-list\" data-id=\"80e347f\" data-element_type=\"widget\" data-e-type=\"widget\" data-widget_type=\"icon-list.default\">\n\t\t\t\t<div class=\"elementor-widget-container\">\n\t\t\t\t\t\t\t<ul class=\"elementor-icon-list-items\">\n\t\t\t\t\t\t\t<li class=\"elementor-icon-list-item\">\n\t\t\t\t\t\t\t\t\t\t\t<span class=\"elementor-icon-list-icon\">\n\t\t\t\t\t\t\t<i aria-hidden=\"true\" class=\"fas fa-stop\"><\/i>\t\t\t\t\t\t<\/span>\n\t\t\t\t\t\t\t\t\t\t<span class=\"elementor-icon-list-text\">Todos los pedidos se procesan dentro de 2-3 d\u00edas h\u00e1biles. Los pedidos no se env\u00edan ni se entregan los fines de semana o d\u00edas festivos.<\/span>\n\t\t\t\t\t\t\t\t\t<\/li>\n\t\t\t\t\t\t\t\t<li class=\"elementor-icon-list-item\">\n\t\t\t\t\t\t\t\t\t\t\t<span class=\"elementor-icon-list-icon\">\n\t\t\t\t\t\t\t<i aria-hidden=\"true\" class=\"fas fa-stop\"><\/i>\t\t\t\t\t\t<\/span>\n\t\t\t\t\t\t\t\t\t\t<span class=\"elementor-icon-list-text\">NO enviamos a P.O. Cajas.<\/span>\n\t\t\t\t\t\t\t\t\t<\/li>\n\t\t\t\t\t\t\t\t<li class=\"elementor-icon-list-item\">\n\t\t\t\t\t\t\t\t\t\t\t<span class=\"elementor-icon-list-icon\">\n\t\t\t\t\t\t\t<i aria-hidden=\"true\" class=\"fas fa-stop\"><\/i>\t\t\t\t\t\t<\/span>\n\t\t\t\t\t\t\t\t\t\t<span class=\"elementor-icon-list-text\">Si estamos experimentando un gran volumen de pedidos, los env\u00edos pueden retrasarse unos d\u00edas. Permita d\u00edas adicionales en tr\u00e1nsito para la entrega. Si hay un retraso significativo en el env\u00edo de su pedido, nos pondremos en contacto con usted por correo electr\u00f3nico o por tel\u00e9fono.<\/span>\n\t\t\t\t\t\t\t\t\t<\/li>\n\t\t\t\t\t\t\t\t<li class=\"elementor-icon-list-item\">\n\t\t\t\t\t\t\t\t\t\t\t<span class=\"elementor-icon-list-icon\">\n\t\t\t\t\t\t\t<i aria-hidden=\"true\" class=\"fas fa-stop\"><\/i>\t\t\t\t\t\t<\/span>\n\t\t\t\t\t\t\t\t\t\t<span class=\"elementor-icon-list-text\">Las tarifas de env\u00edo para su pedido se calcular\u00e1n y se mostrar\u00e1n al finalizar la compra.<\/span>\n\t\t\t\t\t\t\t\t\t<\/li>\n\t\t\t\t\t\t<\/ul>\n\t\t\t\t\t\t<\/div>\n\t\t\t\t<\/div>\n\t\t\t\t\t<\/div>\n\t\t<\/div>\n\t\t\t\t\t<\/div>\n\t\t<\/section>\n\t\t\t\t<section class=\"elementor-section elementor-top-section elementor-element elementor-element-310c8f1 elementor-section-boxed elementor-section-height-default elementor-section-height-default\" data-id=\"310c8f1\" data-element_type=\"section\" data-e-type=\"section\" data-settings=\"{&quot;background_background&quot;:&quot;classic&quot;}\">\n\t\t\t\t\t\t<div class=\"elementor-container elementor-column-gap-default\">\n\t\t\t\t\t<div class=\"elementor-column elementor-col-100 elementor-top-column elementor-element elementor-element-ba71351\" data-id=\"ba71351\" data-element_type=\"column\" data-e-type=\"column\">\n\t\t\t<div class=\"elementor-widget-wrap elementor-element-populated\">\n\t\t\t\t\t\t<div class=\"elementor-element elementor-element-dafd77c elementor-widget elementor-widget-heading\" data-id=\"dafd77c\" data-element_type=\"widget\" data-e-type=\"widget\" data-widget_type=\"heading.default\">\n\t\t\t\t<div class=\"elementor-widget-container\">\n\t\t\t\t\t<h2 class=\"elementor-heading-title elementor-size-xl\">Terms and Conditions<\/h2>\t\t\t\t<\/div>\n\t\t\t\t<\/div>\n\t\t\t\t<div class=\"elementor-element elementor-element-9af2fe4 elementor-widget elementor-widget-text-editor\" data-id=\"9af2fe4\" data-element_type=\"widget\" data-e-type=\"widget\" data-widget_type=\"text-editor.default\">\n\t\t\t\t<div class=\"elementor-widget-container\">\n\t\t\t\t\t\t\t\t\t<p>These terms and conditions (the &#8220;Terms&#8221;) govern your use of this online shop (the &#8220;Shop&#8221;) operated by Wellness Mexico (the &#8220;Seller&#8221;). By accessing and using the Shop, you agree to be bound by these Terms. If you do not agree with any part of these Terms, please refrain from using the Shop.<\/p>\n<ol>\n<li>\n<p><strong>Age Restriction<\/strong>: You must be at least 18 years old to use the Shop and purchase CBD products. By using the Shop, you confirm that you are of legal age and are fully capable of entering into this agreement.<\/p>\n<\/li>\n<li>\n<p><strong>Products and Information<\/strong>: The Shop offers a variety of CBD products. While we strive to provide accurate and up-to-date information about our products, we do not guarantee the accuracy, completeness, or reliability of any product descriptions, prices, or other content on the Shop.<\/p>\n<\/li>\n<li>\n<p><strong>Legal Compliance<\/strong>: It is your responsibility to ensure that purchasing and using CBD products are legal in your jurisdiction. The Seller makes no representations or warranties regarding the legality of CBD products in your location. You agree to comply with all applicable laws and regulations when purchasing from the Shop.<\/p>\n<\/li>\n<li>\n<p><strong>Health Disclaimer<\/strong>: The information provided on the Shop is not intended to be a substitute for professional medical advice, diagnosis, or treatment. Always seek the advice of your physician or other qualified health provider with any questions you may have regarding a medical condition.<\/p>\n<\/li>\n<li>\n<p><strong>Product Use and Safety<\/strong>: CBD products may have different effects on individuals, and individual reactions to CBD can vary. Before using any CBD product, carefully read the product label and follow the instructions for use. If you experience any adverse reactions, discontinue use immediately and seek medical attention if necessary.<\/p>\n<\/li>\n<li>\n<p><strong>Payment and Pricing<\/strong>: The prices listed on the Shop are in USD and do not include applicable taxes or shipping fees. Payment must be made through the designated payment gateway. The Seller reserves the right to update product prices and shipping fees without prior notice.<\/p>\n<\/li>\n<li>\n<p><strong>Order Processing and Shipping<\/strong>: Orders are subject to acceptance and availability. The Seller will make all reasonable efforts to process and ship orders promptly. However, we are not responsible for any delays or damages caused by shipping carriers or events beyond our control.<\/p>\n<\/li>\n<li>\n<p><strong>Returns and Refunds<\/strong>: Please see our <a href=\"https:\/\/shopwellnessmexico.com\/es\/returns\/\">Pol\u00edtica de Devoluciones<\/a>.<\/p>\n<\/li>\n<li>\n<p><strong>Intellectual Property<\/strong>: All content on the Shop, including but not limited to logos, trademarks, images, and text, are the property of the Seller and protected by intellectual property laws. You may not use, reproduce, or distribute any content from the Shop without explicit permission from the Seller.<\/p>\n<\/li>\n<li>\n<p><strong>Pol\u00edtica de Privacidad<\/strong>: Our Privacy Policy above outlines how we collect, use, and protect your personal information. By using the Shop, you consent to the collection and use of your data as described in our Privacy Policy.<\/p>\n<\/li>\n<li>\n<p><strong>Limitation of Liability<\/strong>: The Seller shall not be liable for any direct, indirect, incidental, consequential, or exemplary damages arising from your use of the Shop or the purchase and use of CBD products.<\/p>\n<\/li>\n<li>\n<p><strong>Indemnification<\/strong>: You agree to indemnify and hold the Seller, its officers, employees, and affiliates harmless from any claims, losses, damages, liabilities, and expenses arising out of or in connection with your use of the Shop or violation of these Terms.<\/p>\n<\/li>\n<li>\n<p><strong>Modification of Terms<\/strong>: The Seller reserves the right to modify these Terms at any time. Any changes will be effective immediately upon posting on the Shop. Continued use of the Shop after changes have been made constitutes your acceptance of the updated Terms.<\/p>\n<\/li>\n<li>\n<p><strong>Governing Law<\/strong>: These Terms shall be governed by and construed in accordance with the laws of the United States of America, without regard to its conflict of laws principles.<\/p>\n<\/li>\n<li>\n<p><strong>Dispute Resolution<\/strong>: Any disputes arising out of or relating to these Terms or the use of the Shop shall be resolved through arbitration in the United States of America. The decision of the arbitrator(s) shall be final and binding.<\/p>\n<\/li>\n<\/ol>\n<p>By using the Shop, you acknowledge that you have read, understood, and agreed to these Terms and Conditions. If you do not agree with any part of these Terms, please do not use the Shop.<\/p>\t\t\t\t\t\t\t\t<\/div>\n\t\t\t\t<\/div>\n\t\t\t\t\t<\/div>\n\t\t<\/div>\n\t\t\t\t\t<\/div>\n\t\t<\/section>\n\t\t\t\t<\/div>","protected":false},"excerpt":{"rendered":"<p>Privacy Policy Thank you for using Wellness Mexico. We value your privacy and are committed to protecting your personal information. This Privacy Policy outlines how we collect, use, and share your data when you interact with our online shop. Information We Collect We collect various personal information, such as contact details, payment information, account info, [&hellip;]<\/p>\n","protected":false},"author":1,"featured_media":0,"parent":0,"menu_order":0,"comment_status":"closed","ping_status":"open","template":"","meta":{"footnotes":""},"class_list":["post-3","page","type-page","status-publish","hentry"],"jetpack_sharing_enabled":true,"_links":{"self":[{"href":"https:\/\/shopwellnessmexico.com\/es\/wp-json\/wp\/v2\/pages\/3","targetHints":{"allow":["GET"]}}],"collection":[{"href":"https:\/\/shopwellnessmexico.com\/es\/wp-json\/wp\/v2\/pages"}],"about":[{"href":"https:\/\/shopwellnessmexico.com\/es\/wp-json\/wp\/v2\/types\/page"}],"author":[{"embeddable":true,"href":"https:\/\/shopwellnessmexico.com\/es\/wp-json\/wp\/v2\/users\/1"}],"replies":[{"embeddable":true,"href":"https:\/\/shopwellnessmexico.com\/es\/wp-json\/wp\/v2\/comments?post=3"}],"version-history":[{"count":28,"href":"https:\/\/shopwellnessmexico.com\/es\/wp-json\/wp\/v2\/pages\/3\/revisions"}],"predecessor-version":[{"id":496,"href":"https:\/\/shopwellnessmexico.com\/es\/wp-json\/wp\/v2\/pages\/3\/revisions\/496"}],"wp:attachment":[{"href":"https:\/\/shopwellnessmexico.com\/es\/wp-json\/wp\/v2\/media?parent=3"}],"curies":[{"name":"wp","href":"https:\/\/api.w.org\/{rel}","templated":true}]}}